{"id":95,"date":"2026-01-18T07:39:49","date_gmt":"2026-01-18T06:39:49","guid":{"rendered":"https:\/\/tennis-bol.com\/?page_id=95"},"modified":"2026-01-21T08:53:14","modified_gmt":"2026-01-21T07:53:14","slug":"homeseite","status":"publish","type":"page","link":"https:\/\/tennis-bol.com\/de\/","title":{"rendered":"Homeseite"},"content":{"rendered":"<p>Unser Tenniszentrum befindet sich an der Promenade neben dem Hotel Bretanide, nur f\u00fcnf Gehminuten vom Strand Zlatni Rat entfernt. Es verf\u00fcgt \u00fcber f\u00fcnf hochwertige Sandtennispl\u00e4tze, eine All-Inclusive-Minibar sowie zus\u00e4tzliche Einrichtungen. Parkpl\u00e4tze f\u00fcr G\u00e4ste sind ebenfalls vorhanden.<\/p>\n<h3>Bretanide Sport und Wellness Resort<\/h3>\n<p>Das Bretanide Sport &amp; Wellness Resort z\u00e4hlt zu den beliebtesten und besten Hotels in Kroatien. Das ausgezeichnete Preis-Leistungs-Verh\u00e4ltnis, die wundersch\u00f6ne Lage, der freundliche Service und das umfassende Angebot machen es zum idealen Urlaubsziel.<\/p>\n","protected":false},"excerpt":{"rendered":"<p>Unser Tenniszentrum befindet sich an der Promenade neben dem Hotel Bretanide, nur f\u00fcnf Gehminuten vom Strand Zlatni Rat entfernt. Es verf\u00fcgt \u00fcber f\u00fcnf hochwertige Sandtennispl\u00e4tze, eine All-Inclusive-Minibar sowie zus\u00e4tzliche Einrichtungen. &#8230;<\/p>\n","protected":false},"author":1,"featured_media":92,"parent":0,"menu_order":0,"comment_status":"closed","ping_status":"closed","template":"template-frontpage.php","meta":{"_acf_changed":false,"inline_featured_image":false,"footnotes":""},"class_list":["post-95","page","type-page","status-publish","has-post-thumbnail","hentry"],"acf":[],"yoast_head":"<!-- This site is optimized with the Yoast SEO plugin v26.8 - https:\/\/yoast.com\/product\/yoast-seo-wordpress\/ -->\n<title>Homeseite - Tennisschule in Bol von Oliver Jankovi\u0107<\/title>\n<meta name=\"description\" content=\"Erfahrener Trainer, 5 hochwertige Sandtennispl\u00e4tze, zus\u00e4tzliche Einrichtungen, Kundenparkpl\u00e4tze sowie das Hotel Bretanide in unmittelbarer N\u00e4he zum Strand Zlatni Rat.\" \/>\n<meta name=\"robots\" content=\"index, follow, max-snippet:-1, max-image-preview:large, max-video-preview:-1\" \/>\n<link rel=\"canonical\" href=\"https:\/\/tennis-bol.com\/de\/\" \/>\n<meta property=\"og:locale\" content=\"de_DE\" \/>\n<meta property=\"og:type\" content=\"article\" \/>\n<meta property=\"og:title\" content=\"Homeseite - Tennisschule in Bol von Oliver Jankovi\u0107\" \/>\n<meta property=\"og:description\" content=\"Erfahrener Trainer, 5 hochwertige Sandtennispl\u00e4tze, zus\u00e4tzliche Einrichtungen, Kundenparkpl\u00e4tze sowie das Hotel Bretanide in unmittelbarer N\u00e4he zum Strand Zlatni Rat.\" \/>\n<meta property=\"og:url\" content=\"https:\/\/tennis-bol.com\/de\/\" \/>\n<meta property=\"og:site_name\" content=\"Tennisschule in Bol von Oliver Jankovi\u0107\" \/>\n<meta property=\"article:modified_time\" content=\"2026-01-21T07:53:14+00:00\" \/>\n<meta property=\"og:image\" content=\"https:\/\/tennis-bol.com\/wp-content\/uploads\/2026\/01\/parallax.jpg\" \/>\n\t<meta property=\"og:image:width\" content=\"2000\" \/>\n\t<meta property=\"og:image:height\" content=\"1367\" \/>\n\t<meta property=\"og:image:type\" content=\"image\/jpeg\" \/>\n<meta name=\"twitter:card\" content=\"summary_large_image\" \/>\n<meta name=\"twitter:label1\" content=\"Gesch\u00e4tzte Lesezeit\" \/>\n\t<meta name=\"twitter:data1\" content=\"1\u00a0Minute\" \/>\n<script type=\"application\/ld+json\" class=\"yoast-schema-graph\">{\"@context\":\"https:\/\/schema.org\",\"@graph\":[{\"@type\":\"WebPage\",\"@id\":\"https:\/\/tennis-bol.com\/de\/\",\"url\":\"https:\/\/tennis-bol.com\/de\/\",\"name\":\"Homeseite - Tennisschule in Bol von Oliver Jankovi\u0107\",\"isPartOf\":{\"@id\":\"https:\/\/tennis-bol.com\/de\/#website\"},\"primaryImageOfPage\":{\"@id\":\"https:\/\/tennis-bol.com\/de\/#primaryimage\"},\"image\":{\"@id\":\"https:\/\/tennis-bol.com\/de\/#primaryimage\"},\"thumbnailUrl\":\"https:\/\/tennis-bol.com\/wp-content\/uploads\/2026\/01\/parallax.jpg\",\"datePublished\":\"2026-01-18T06:39:49+00:00\",\"dateModified\":\"2026-01-21T07:53:14+00:00\",\"description\":\"Erfahrener Trainer, 5 hochwertige Sandtennispl\u00e4tze, zus\u00e4tzliche Einrichtungen, Kundenparkpl\u00e4tze sowie das Hotel Bretanide in unmittelbarer N\u00e4he zum Strand Zlatni Rat.\",\"breadcrumb\":{\"@id\":\"https:\/\/tennis-bol.com\/de\/#breadcrumb\"},\"inLanguage\":\"de\",\"potentialAction\":[{\"@type\":\"ReadAction\",\"target\":[\"https:\/\/tennis-bol.com\/de\/\"]}]},{\"@type\":\"ImageObject\",\"inLanguage\":\"de\",\"@id\":\"https:\/\/tennis-bol.com\/de\/#primaryimage\",\"url\":\"https:\/\/tennis-bol.com\/wp-content\/uploads\/2026\/01\/parallax.jpg\",\"contentUrl\":\"https:\/\/tennis-bol.com\/wp-content\/uploads\/2026\/01\/parallax.jpg\",\"width\":2000,\"height\":1367},{\"@type\":\"BreadcrumbList\",\"@id\":\"https:\/\/tennis-bol.com\/de\/#breadcrumb\",\"itemListElement\":[{\"@type\":\"ListItem\",\"position\":1,\"name\":\"Home\",\"item\":\"https:\/\/tennis-bol.com\/de\/\"},{\"@type\":\"ListItem\",\"position\":2,\"name\":\"Homeseite\"}]},{\"@type\":\"WebSite\",\"@id\":\"https:\/\/tennis-bol.com\/de\/#website\",\"url\":\"https:\/\/tennis-bol.com\/de\/\",\"name\":\"Tennis Bol\",\"description\":\"Tennis camp by Oliver Jankovi\u0107\",\"publisher\":{\"@id\":\"https:\/\/tennis-bol.com\/de\/#organization\"},\"potentialAction\":[{\"@type\":\"SearchAction\",\"target\":{\"@type\":\"EntryPoint\",\"urlTemplate\":\"https:\/\/tennis-bol.com\/de\/?s={search_term_string}\"},\"query-input\":{\"@type\":\"PropertyValueSpecification\",\"valueRequired\":true,\"valueName\":\"search_term_string\"}}],\"inLanguage\":\"de\"},{\"@type\":\"Organization\",\"@id\":\"https:\/\/tennis-bol.com\/de\/#organization\",\"name\":\"Tennis Bol\",\"url\":\"https:\/\/tennis-bol.com\/de\/\",\"logo\":{\"@type\":\"ImageObject\",\"inLanguage\":\"de\",\"@id\":\"https:\/\/tennis-bol.com\/de\/#\/schema\/logo\/image\/\",\"url\":\"https:\/\/tennis-bol.com\/wp-content\/uploads\/2026\/01\/tennis-bol-brac.svg\",\"contentUrl\":\"https:\/\/tennis-bol.com\/wp-content\/uploads\/2026\/01\/tennis-bol-brac.svg\",\"caption\":\"Tennis Bol\"},\"image\":{\"@id\":\"https:\/\/tennis-bol.com\/de\/#\/schema\/logo\/image\/\"}}]}<\/script>\n<!-- \/ Yoast SEO plugin. -->","yoast_head_json":{"title":"Homeseite - Tennisschule in Bol von Oliver Jankovi\u0107","description":"Erfahrener Trainer, 5 hochwertige Sandtennispl\u00e4tze, zus\u00e4tzliche Einrichtungen, Kundenparkpl\u00e4tze sowie das Hotel Bretanide in unmittelbarer N\u00e4he zum Strand Zlatni Rat.","robots":{"index":"index","follow":"follow","max-snippet":"max-snippet:-1","max-image-preview":"max-image-preview:large","max-video-preview":"max-video-preview:-1"},"canonical":"https:\/\/tennis-bol.com\/de\/","og_locale":"de_DE","og_type":"article","og_title":"Homeseite - Tennisschule in Bol von Oliver Jankovi\u0107","og_description":"Erfahrener Trainer, 5 hochwertige Sandtennispl\u00e4tze, zus\u00e4tzliche Einrichtungen, Kundenparkpl\u00e4tze sowie das Hotel Bretanide in unmittelbarer N\u00e4he zum Strand Zlatni Rat.","og_url":"https:\/\/tennis-bol.com\/de\/","og_site_name":"Tennisschule in Bol von Oliver Jankovi\u0107","article_modified_time":"2026-01-21T07:53:14+00:00","og_image":[{"width":2000,"height":1367,"url":"https:\/\/tennis-bol.com\/wp-content\/uploads\/2026\/01\/parallax.jpg","type":"image\/jpeg"}],"twitter_card":"summary_large_image","twitter_misc":{"Gesch\u00e4tzte Lesezeit":"1\u00a0Minute"},"schema":{"@context":"https:\/\/schema.org","@graph":[{"@type":"WebPage","@id":"https:\/\/tennis-bol.com\/de\/","url":"https:\/\/tennis-bol.com\/de\/","name":"Homeseite - Tennisschule in Bol von Oliver Jankovi\u0107","isPartOf":{"@id":"https:\/\/tennis-bol.com\/de\/#website"},"primaryImageOfPage":{"@id":"https:\/\/tennis-bol.com\/de\/#primaryimage"},"image":{"@id":"https:\/\/tennis-bol.com\/de\/#primaryimage"},"thumbnailUrl":"https:\/\/tennis-bol.com\/wp-content\/uploads\/2026\/01\/parallax.jpg","datePublished":"2026-01-18T06:39:49+00:00","dateModified":"2026-01-21T07:53:14+00:00","description":"Erfahrener Trainer, 5 hochwertige Sandtennispl\u00e4tze, zus\u00e4tzliche Einrichtungen, Kundenparkpl\u00e4tze sowie das Hotel Bretanide in unmittelbarer N\u00e4he zum Strand Zlatni Rat.","breadcrumb":{"@id":"https:\/\/tennis-bol.com\/de\/#breadcrumb"},"inLanguage":"de","potentialAction":[{"@type":"ReadAction","target":["https:\/\/tennis-bol.com\/de\/"]}]},{"@type":"ImageObject","inLanguage":"de","@id":"https:\/\/tennis-bol.com\/de\/#primaryimage","url":"https:\/\/tennis-bol.com\/wp-content\/uploads\/2026\/01\/parallax.jpg","contentUrl":"https:\/\/tennis-bol.com\/wp-content\/uploads\/2026\/01\/parallax.jpg","width":2000,"height":1367},{"@type":"BreadcrumbList","@id":"https:\/\/tennis-bol.com\/de\/#breadcrumb","itemListElement":[{"@type":"ListItem","position":1,"name":"Home","item":"https:\/\/tennis-bol.com\/de\/"},{"@type":"ListItem","position":2,"name":"Homeseite"}]},{"@type":"WebSite","@id":"https:\/\/tennis-bol.com\/de\/#website","url":"https:\/\/tennis-bol.com\/de\/","name":"Tennis Bol","description":"Tennis camp by Oliver Jankovi\u0107","publisher":{"@id":"https:\/\/tennis-bol.com\/de\/#organization"},"potentialAction":[{"@type":"SearchAction","target":{"@type":"EntryPoint","urlTemplate":"https:\/\/tennis-bol.com\/de\/?s={search_term_string}"},"query-input":{"@type":"PropertyValueSpecification","valueRequired":true,"valueName":"search_term_string"}}],"inLanguage":"de"},{"@type":"Organization","@id":"https:\/\/tennis-bol.com\/de\/#organization","name":"Tennis Bol","url":"https:\/\/tennis-bol.com\/de\/","logo":{"@type":"ImageObject","inLanguage":"de","@id":"https:\/\/tennis-bol.com\/de\/#\/schema\/logo\/image\/","url":"https:\/\/tennis-bol.com\/wp-content\/uploads\/2026\/01\/tennis-bol-brac.svg","contentUrl":"https:\/\/tennis-bol.com\/wp-content\/uploads\/2026\/01\/tennis-bol-brac.svg","caption":"Tennis Bol"},"image":{"@id":"https:\/\/tennis-bol.com\/de\/#\/schema\/logo\/image\/"}}]}},"_links":{"self":[{"href":"https:\/\/tennis-bol.com\/de\/wp-json\/wp\/v2\/pages\/95","targetHints":{"allow":["GET"]}}],"collection":[{"href":"https:\/\/tennis-bol.com\/de\/wp-json\/wp\/v2\/pages"}],"about":[{"href":"https:\/\/tennis-bol.com\/de\/wp-json\/wp\/v2\/types\/page"}],"author":[{"embeddable":true,"href":"https:\/\/tennis-bol.com\/de\/wp-json\/wp\/v2\/users\/1"}],"replies":[{"embeddable":true,"href":"https:\/\/tennis-bol.com\/de\/wp-json\/wp\/v2\/comments?post=95"}],"version-history":[{"count":8,"href":"https:\/\/tennis-bol.com\/de\/wp-json\/wp\/v2\/pages\/95\/revisions"}],"predecessor-version":[{"id":156,"href":"https:\/\/tennis-bol.com\/de\/wp-json\/wp\/v2\/pages\/95\/revisions\/156"}],"wp:featuredmedia":[{"embeddable":true,"href":"https:\/\/tennis-bol.com\/de\/wp-json\/wp\/v2\/media\/92"}],"wp:attachment":[{"href":"https:\/\/tennis-bol.com\/de\/wp-json\/wp\/v2\/media?parent=95"}],"curies":[{"name":"wp","href":"https:\/\/api.w.org\/{rel}","templated":true}]}}