{"id":79,"date":"2026-01-18T07:39:49","date_gmt":"2026-01-18T06:39:49","guid":{"rendered":"https:\/\/tennis-bol.com\/?page_id=79"},"modified":"2026-01-27T07:35:10","modified_gmt":"2026-01-27T06:35:10","slug":"pocetna","status":"publish","type":"page","link":"https:\/\/tennis-bol.com\/hr\/","title":{"rendered":"Po\u010detna"},"content":{"rendered":"<p>Na\u0161 teniski centar smje\u0161ten je na \u0161etnici uz hotel Bretanide, svega pet minuta hoda od pla\u017ee Zlatni rat. Sadr\u017ei pet visokokvalitetnih zemljanih teniskih terena, all-inclusive mini-bar i prate\u0107e sadr\u017eaje. Osiguran je i parking za goste.<\/p>\n<h3>Bretanide Sport und Wellness Resort<\/h3>\n<p>Bretanide Sport &amp; Wellness Resort jedan je od najpopularnijih i najboljih hotela u Hrvatskoj. Izvrstan omjer cijene i kvalitete, predivna lokacija, ljubazna usluga i bogata ponuda \u010dine ga idealnim mjestom za odmor.<\/p>\n","protected":false},"excerpt":{"rendered":"<p>Na\u0161 teniski centar smje\u0161ten je na \u0161etnici uz hotel Bretanide, svega pet minuta hoda od pla\u017ee Zlatni rat. Sadr\u017ei pet visokokvalitetnih zemljanih teniskih terena, all-inclusive mini-bar i prate\u0107e sadr\u017eaje. Osiguran &#8230;<\/p>\n","protected":false},"author":1,"featured_media":77,"parent":0,"menu_order":0,"comment_status":"closed","ping_status":"closed","template":"template-frontpage.php","meta":{"_acf_changed":false,"inline_featured_image":false,"footnotes":""},"class_list":["post-79","page","type-page","status-publish","has-post-thumbnail","hentry"],"acf":[],"yoast_head":"<!-- This site is optimized with the Yoast SEO plugin v26.8 - https:\/\/yoast.com\/product\/yoast-seo-wordpress\/ -->\n<title>Po\u010detna - \u0160kola tenisa u Bolu - Oliver Jankovi\u0107<\/title>\n<meta name=\"description\" content=\"Iskusni trener, 5 vrhunskih zemljanih teniskih terena, popratni sadr\u017eaji, parking za goste, hotel Bretanide u blizini pla\u017ee Zlatni rat.\" \/>\n<meta name=\"robots\" content=\"index, follow, max-snippet:-1, max-image-preview:large, max-video-preview:-1\" \/>\n<link rel=\"canonical\" href=\"https:\/\/tennis-bol.com\/hr\/\" \/>\n<meta property=\"og:locale\" content=\"hr_HR\" \/>\n<meta property=\"og:type\" content=\"article\" \/>\n<meta property=\"og:title\" content=\"Po\u010detna - \u0160kola tenisa u Bolu - Oliver Jankovi\u0107\" \/>\n<meta property=\"og:description\" content=\"Iskusni trener, 5 vrhunskih zemljanih teniskih terena, popratni sadr\u017eaji, parking za goste, hotel Bretanide u blizini pla\u017ee Zlatni rat.\" \/>\n<meta property=\"og:url\" content=\"https:\/\/tennis-bol.com\/hr\/\" \/>\n<meta property=\"og:site_name\" content=\"\u0160kola tenisa u Bolu - Oliver Jankovi\u0107\" \/>\n<meta property=\"article:modified_time\" content=\"2026-01-27T06:35:10+00:00\" \/>\n<meta property=\"og:image\" content=\"https:\/\/tennis-bol.com\/wp-content\/uploads\/2026\/01\/parallax.jpg\" \/>\n\t<meta property=\"og:image:width\" content=\"2000\" \/>\n\t<meta property=\"og:image:height\" content=\"1367\" \/>\n\t<meta property=\"og:image:type\" content=\"image\/jpeg\" \/>\n<meta name=\"twitter:card\" content=\"summary_large_image\" \/>\n<meta name=\"twitter:label1\" content=\"Procijenjeno vrijeme \u010ditanja\" \/>\n\t<meta name=\"twitter:data1\" content=\"1 minuta\" \/>\n<script type=\"application\/ld+json\" class=\"yoast-schema-graph\">{\"@context\":\"https:\/\/schema.org\",\"@graph\":[{\"@type\":\"WebPage\",\"@id\":\"https:\/\/tennis-bol.com\/hr\/\",\"url\":\"https:\/\/tennis-bol.com\/hr\/\",\"name\":\"Po\u010detna - \u0160kola tenisa u Bolu - Oliver Jankovi\u0107\",\"isPartOf\":{\"@id\":\"https:\/\/tennis-bol.com\/de\/#website\"},\"primaryImageOfPage\":{\"@id\":\"https:\/\/tennis-bol.com\/hr\/#primaryimage\"},\"image\":{\"@id\":\"https:\/\/tennis-bol.com\/hr\/#primaryimage\"},\"thumbnailUrl\":\"https:\/\/tennis-bol.com\/wp-content\/uploads\/2026\/01\/parallax.jpg\",\"datePublished\":\"2026-01-18T06:39:49+00:00\",\"dateModified\":\"2026-01-27T06:35:10+00:00\",\"description\":\"Iskusni trener, 5 vrhunskih zemljanih teniskih terena, popratni sadr\u017eaji, parking za goste, hotel Bretanide u blizini pla\u017ee Zlatni rat.\",\"breadcrumb\":{\"@id\":\"https:\/\/tennis-bol.com\/hr\/#breadcrumb\"},\"inLanguage\":\"hr\",\"potentialAction\":[{\"@type\":\"ReadAction\",\"target\":[\"https:\/\/tennis-bol.com\/hr\/\"]}]},{\"@type\":\"ImageObject\",\"inLanguage\":\"hr\",\"@id\":\"https:\/\/tennis-bol.com\/hr\/#primaryimage\",\"url\":\"https:\/\/tennis-bol.com\/wp-content\/uploads\/2026\/01\/parallax.jpg\",\"contentUrl\":\"https:\/\/tennis-bol.com\/wp-content\/uploads\/2026\/01\/parallax.jpg\",\"width\":2000,\"height\":1367},{\"@type\":\"BreadcrumbList\",\"@id\":\"https:\/\/tennis-bol.com\/hr\/#breadcrumb\",\"itemListElement\":[{\"@type\":\"ListItem\",\"position\":1,\"name\":\"Home\",\"item\":\"https:\/\/tennis-bol.com\/hr\/\"},{\"@type\":\"ListItem\",\"position\":2,\"name\":\"Po\u010detna\"}]},{\"@type\":\"WebSite\",\"@id\":\"https:\/\/tennis-bol.com\/de\/#website\",\"url\":\"https:\/\/tennis-bol.com\/de\/\",\"name\":\"Tennis Bol\",\"description\":\"Tennis camp by Oliver Jankovi\u0107\",\"publisher\":{\"@id\":\"https:\/\/tennis-bol.com\/de\/#organization\"},\"potentialAction\":[{\"@type\":\"SearchAction\",\"target\":{\"@type\":\"EntryPoint\",\"urlTemplate\":\"https:\/\/tennis-bol.com\/de\/?s={search_term_string}\"},\"query-input\":{\"@type\":\"PropertyValueSpecification\",\"valueRequired\":true,\"valueName\":\"search_term_string\"}}],\"inLanguage\":\"hr\"},{\"@type\":\"Organization\",\"@id\":\"https:\/\/tennis-bol.com\/de\/#organization\",\"name\":\"Tennis Bol\",\"url\":\"https:\/\/tennis-bol.com\/de\/\",\"logo\":{\"@type\":\"ImageObject\",\"inLanguage\":\"hr\",\"@id\":\"https:\/\/tennis-bol.com\/de\/#\/schema\/logo\/image\/\",\"url\":\"https:\/\/tennis-bol.com\/wp-content\/uploads\/2026\/01\/tennis-bol-brac.svg\",\"contentUrl\":\"https:\/\/tennis-bol.com\/wp-content\/uploads\/2026\/01\/tennis-bol-brac.svg\",\"caption\":\"Tennis Bol\"},\"image\":{\"@id\":\"https:\/\/tennis-bol.com\/de\/#\/schema\/logo\/image\/\"}}]}<\/script>\n<!-- \/ Yoast SEO plugin. -->","yoast_head_json":{"title":"Po\u010detna - \u0160kola tenisa u Bolu - Oliver Jankovi\u0107","description":"Iskusni trener, 5 vrhunskih zemljanih teniskih terena, popratni sadr\u017eaji, parking za goste, hotel Bretanide u blizini pla\u017ee Zlatni rat.","robots":{"index":"index","follow":"follow","max-snippet":"max-snippet:-1","max-image-preview":"max-image-preview:large","max-video-preview":"max-video-preview:-1"},"canonical":"https:\/\/tennis-bol.com\/hr\/","og_locale":"hr_HR","og_type":"article","og_title":"Po\u010detna - \u0160kola tenisa u Bolu - Oliver Jankovi\u0107","og_description":"Iskusni trener, 5 vrhunskih zemljanih teniskih terena, popratni sadr\u017eaji, parking za goste, hotel Bretanide u blizini pla\u017ee Zlatni rat.","og_url":"https:\/\/tennis-bol.com\/hr\/","og_site_name":"\u0160kola tenisa u Bolu - Oliver Jankovi\u0107","article_modified_time":"2026-01-27T06:35:10+00:00","og_image":[{"width":2000,"height":1367,"url":"https:\/\/tennis-bol.com\/wp-content\/uploads\/2026\/01\/parallax.jpg","type":"image\/jpeg"}],"twitter_card":"summary_large_image","twitter_misc":{"Procijenjeno vrijeme \u010ditanja":"1 minuta"},"schema":{"@context":"https:\/\/schema.org","@graph":[{"@type":"WebPage","@id":"https:\/\/tennis-bol.com\/hr\/","url":"https:\/\/tennis-bol.com\/hr\/","name":"Po\u010detna - \u0160kola tenisa u Bolu - Oliver Jankovi\u0107","isPartOf":{"@id":"https:\/\/tennis-bol.com\/de\/#website"},"primaryImageOfPage":{"@id":"https:\/\/tennis-bol.com\/hr\/#primaryimage"},"image":{"@id":"https:\/\/tennis-bol.com\/hr\/#primaryimage"},"thumbnailUrl":"https:\/\/tennis-bol.com\/wp-content\/uploads\/2026\/01\/parallax.jpg","datePublished":"2026-01-18T06:39:49+00:00","dateModified":"2026-01-27T06:35:10+00:00","description":"Iskusni trener, 5 vrhunskih zemljanih teniskih terena, popratni sadr\u017eaji, parking za goste, hotel Bretanide u blizini pla\u017ee Zlatni rat.","breadcrumb":{"@id":"https:\/\/tennis-bol.com\/hr\/#breadcrumb"},"inLanguage":"hr","potentialAction":[{"@type":"ReadAction","target":["https:\/\/tennis-bol.com\/hr\/"]}]},{"@type":"ImageObject","inLanguage":"hr","@id":"https:\/\/tennis-bol.com\/hr\/#primaryimage","url":"https:\/\/tennis-bol.com\/wp-content\/uploads\/2026\/01\/parallax.jpg","contentUrl":"https:\/\/tennis-bol.com\/wp-content\/uploads\/2026\/01\/parallax.jpg","width":2000,"height":1367},{"@type":"BreadcrumbList","@id":"https:\/\/tennis-bol.com\/hr\/#breadcrumb","itemListElement":[{"@type":"ListItem","position":1,"name":"Home","item":"https:\/\/tennis-bol.com\/hr\/"},{"@type":"ListItem","position":2,"name":"Po\u010detna"}]},{"@type":"WebSite","@id":"https:\/\/tennis-bol.com\/de\/#website","url":"https:\/\/tennis-bol.com\/de\/","name":"Tennis Bol","description":"Tennis camp by Oliver Jankovi\u0107","publisher":{"@id":"https:\/\/tennis-bol.com\/de\/#organization"},"potentialAction":[{"@type":"SearchAction","target":{"@type":"EntryPoint","urlTemplate":"https:\/\/tennis-bol.com\/de\/?s={search_term_string}"},"query-input":{"@type":"PropertyValueSpecification","valueRequired":true,"valueName":"search_term_string"}}],"inLanguage":"hr"},{"@type":"Organization","@id":"https:\/\/tennis-bol.com\/de\/#organization","name":"Tennis Bol","url":"https:\/\/tennis-bol.com\/de\/","logo":{"@type":"ImageObject","inLanguage":"hr","@id":"https:\/\/tennis-bol.com\/de\/#\/schema\/logo\/image\/","url":"https:\/\/tennis-bol.com\/wp-content\/uploads\/2026\/01\/tennis-bol-brac.svg","contentUrl":"https:\/\/tennis-bol.com\/wp-content\/uploads\/2026\/01\/tennis-bol-brac.svg","caption":"Tennis Bol"},"image":{"@id":"https:\/\/tennis-bol.com\/de\/#\/schema\/logo\/image\/"}}]}},"_links":{"self":[{"href":"https:\/\/tennis-bol.com\/hr\/wp-json\/wp\/v2\/pages\/79","targetHints":{"allow":["GET"]}}],"collection":[{"href":"https:\/\/tennis-bol.com\/hr\/wp-json\/wp\/v2\/pages"}],"about":[{"href":"https:\/\/tennis-bol.com\/hr\/wp-json\/wp\/v2\/types\/page"}],"author":[{"embeddable":true,"href":"https:\/\/tennis-bol.com\/hr\/wp-json\/wp\/v2\/users\/1"}],"replies":[{"embeddable":true,"href":"https:\/\/tennis-bol.com\/hr\/wp-json\/wp\/v2\/comments?post=79"}],"version-history":[{"count":10,"href":"https:\/\/tennis-bol.com\/hr\/wp-json\/wp\/v2\/pages\/79\/revisions"}],"predecessor-version":[{"id":158,"href":"https:\/\/tennis-bol.com\/hr\/wp-json\/wp\/v2\/pages\/79\/revisions\/158"}],"wp:featuredmedia":[{"embeddable":true,"href":"https:\/\/tennis-bol.com\/hr\/wp-json\/wp\/v2\/media\/77"}],"wp:attachment":[{"href":"https:\/\/tennis-bol.com\/hr\/wp-json\/wp\/v2\/media?parent=79"}],"curies":[{"name":"wp","href":"https:\/\/api.w.org\/{rel}","templated":true}]}}